{"id":19,"date":"2018-05-23T16:35:58","date_gmt":"2018-05-23T14:35:58","guid":{"rendered":"http:\/\/chateaugonflablemariage.be\/?page_id=19"},"modified":"2019-07-29T15:41:33","modified_gmt":"2019-07-29T13:41:33","slug":"conditions","status":"publish","type":"page","link":"https:\/\/chateaugonflablemariage.be\/index.php\/conditions\/","title":{"rendered":"Conditions"},"content":{"rendered":"<h3>Installation<\/h3>\n<p>L&#8217;installation et le d\u00e9montage peuvent \u00eatre effectu\u00e9s par notre personnel (sur devis) ou par le client, suivant ce qui a \u00e9t\u00e9 conclu lors de la r\u00e9servation.<\/p>\n<p>En cas de livraison par nos soins, l\u2019emplacement doit \u00eatre accessible avec une camionnette et un passage de min 1.50m. Si ce n\u2019est pas le cas, de l\u2019aide vous sera demand\u00e9e pour la manutention suppl\u00e9mentaire.<\/p>\n<p><strong>Pour votre confort, \u00e9tant donn\u00e9 l&#8217;utilisation particuli\u00e8re de ce type de ch\u00e2teau et sur simple demande, il vous est possible d&#8217;obtenir le ch\u00e2teau quelques jours avant votre mariage\u00a0<\/strong><strong>et nous le restituer quelques jours apr\u00e8s, en fonction des locations pr\u00e9vues.<\/strong><\/p>\n<p>L&#8217;emplacement du ch\u00e2teau doit \u00eatre <strong>libre et exempt de tout objet pouvant ab\u00eemer celui-ci<\/strong>. ( ferrailles, branches, pierres, ou tout autre objet pouvant ab\u00eemer le ch\u00e2teau)<\/p>\n<p>La surface doit \u00eatre la plus plate possible, avec une pente de 5% maximum. <strong>Le ch\u00e2teau doit \u00eatre ancr\u00e9 au sol \u00e0 l&#8217;aide des fixations pr\u00e9vues<\/strong>. N&#8217;h\u00e9sitez pas \u00e0 utiliser plusieurs fixations par point d&#8217;ancrage.<img loading=\"lazy\" decoding=\"async\" class=\"size-medium wp-image-194 alignright\" src=\"https:\/\/chateaugonflablemariage.be\/wp-content\/uploads\/2018\/06\/billionphotos-1010901-300x300.png\" alt=\"\" width=\"300\" height=\"300\" srcset=\"https:\/\/chateaugonflablemariage.be\/wp-content\/uploads\/2018\/06\/billionphotos-1010901-300x300.png 300w, https:\/\/chateaugonflablemariage.be\/wp-content\/uploads\/2018\/06\/billionphotos-1010901-150x150.png 150w, https:\/\/chateaugonflablemariage.be\/wp-content\/uploads\/2018\/06\/billionphotos-1010901.png 500w\" sizes=\"auto, (max-width: 300px) 100vw, 300px\" \/><\/p>\n<p>Le ch\u00e2teau peut bien entendu <strong>\u00eatre utilis\u00e9 en int\u00e9rieur. Dans ce cas, attention \u00e0 avoir une hauteur de plafond suffisante \u00e0 savoir min 5,50m\u00a0<\/strong><\/p>\n<p>Nous pr\u00e9voyons une allonge \u00e9lectrique adapt\u00e9e \u00e0 l&#8217;utilisation en ext\u00e9rieur de 50m. Celle-ci doit \u00eatre <strong>enti\u00e8rement d\u00e9roul\u00e9e<\/strong>. Le client doit fournir une prise ( circuit ) 220V 16A avec diff\u00e9rentiel 30ma qui sera utilis\u00e9e uniquement pour le ch\u00e2teau gonflable.<\/p>\n<p>Nous nous r\u00e9servons le droit d&#8217;annuler la location si les conditions m\u00e9t\u00e9orologiques ne sont pas adapt\u00e9es \u00e0 l&#8217;utilisation d&#8217;un ch\u00e2teau gonflable en toute s\u00e9curit\u00e9 ( orages, temp\u00eates, &#8230; ).<\/p>\n<p>Une pluie fine ou un vent l\u00e9ger ne posent\u00a0 pas de probl\u00e8me mais si lors de l&#8217;utilisation du ch\u00e2teau les conditions m\u00e9t\u00e9orologiques devenaient difficiles vous devrez \u00e9vacuer, d\u00e9gonfler et stocker le ch\u00e2teau \u00e0 l&#8217;abri.<\/p>\n<p>Toute anomalie constat\u00e9e lors de la livraison devra<strong> \u00eatre signal\u00e9e dans l&#8217;heure suivant son installation.<\/strong><\/p>\n<h3><\/h3>\n<h3>Pr\u00e9cautions d&#8217;utilisation<\/h3>\n<p>Neva Systems ne sera en aucun cas tenu responsable d\u2019un accident.<\/p>\n<p>Lors de l\u2019utilisation d&#8217;un ch\u00e2teau gonflable, <strong>la pr\u00e9sence d&#8217;un adulte responsable est obligatoire<\/strong> afin de veiller au respect des r\u00e8gles de s\u00e9curit\u00e9.<\/p>\n<p>La pr\u00e9sence de chaussures, lunettes, objets coupants ou pointus, nourriture, boissons, &#8230; est absolument INTERDITE.<\/p>\n<p>Il est interdit de grimper sur les parois du ch\u00e2teau gonflable.<\/p>\n<p>Lorsque le ch\u00e2teau n\u2019est plus sous surveillance, il doit \u00eatre d\u00e9gonfl\u00e9. Lors du gonflage ou d\u00e9gonflage, tenir les enfants \u00e9loign\u00e9s du ch\u00e2teau.<\/p>\n<p>Interdiction de toucher au moteur et de fumer dans ou pr\u00e8s des structures gonflables.<\/p>\n<p>Le stockage du ch\u00e2teau doit se faire <strong>dans un local ferm\u00e9 \u00e0 cl\u00e9.<\/strong><\/p>\n<h3>Assurance<\/h3>\n<p>Notre assurance couvre les dommages occasionn\u00e9s directement par notre mat\u00e9riel ou par notre personnel. Une mauvaise utilisation du mat\u00e9riel nous d\u00e9gage de toute responsabilit\u00e9.<\/p>\n<p>Le ch\u00e2teau gonflable est sous l&#8217;enti\u00e8re responsabilit\u00e9 du client depuis la livraison et ce jusqu\u2019\u00e0 la reprise. Les d\u00e9g\u00e2ts \u00e9ventuels occasionn\u00e9s <strong>sont \u00e0 charge du client qui s\u2019engage \u00e0 prendre en charge les frais de r\u00e9paration ou de rachat du mat\u00e9riel perdu, vol\u00e9 ou d\u00e9t\u00e9rior\u00e9.<\/strong><\/p>\n<h3>Paiement:<\/h3>\n<p>Un <strong>acompte de 50%<\/strong> est demand\u00e9 lors de la r\u00e9servation. <strong>Une caution de 200\u20ac<\/strong> sera demand\u00e9e lors du d\u00e9p\u00f4t du ch\u00e2teau gonflable et restitu\u00e9e apr\u00e8s v\u00e9rification du mat\u00e9riel.<\/p>\n<p>Le paiement du solde se fera imp\u00e9rativement lors du d\u00e9p\u00f4t du mat\u00e9riel. A d\u00e9faut, nous nous r\u00e9servons le droit de ne pas installer celui-ci.<\/p>\n<h3>Annulation<\/h3>\n<p>En cas de fortes intemp\u00e9ries rendant impossible l&#8217;utilisation du ch\u00e2teau ( pluies continues \/ abondantes, temp\u00eate, orages, &#8230; ) la r\u00e9servation peut \u00eatre annul\u00e9e et l&#8217;acompte rembours\u00e9.<\/p>\n","protected":false},"excerpt":{"rendered":"<p>Installation L&#8217;installation et le d\u00e9montage peuvent \u00eatre effectu\u00e9s par notre personnel (sur devis) ou par le client, suivant ce qui a \u00e9t\u00e9 conclu lors de la r\u00e9servation. En cas de livraison par nos soins, l\u2019emplacement doit \u00eatre accessible avec une camionnette et un passage de min 1.50m. Si ce n\u2019est pas le cas, de l\u2019aide&hellip;<\/p>\n","protected":false},"author":1,"featured_media":0,"parent":0,"menu_order":0,"comment_status":"closed","ping_status":"closed","template":"","meta":{"footnotes":""},"class_list":["post-19","page","type-page","status-publish","hentry"],"_links":{"self":[{"href":"https:\/\/chateaugonflablemariage.be\/index.php\/wp-json\/wp\/v2\/pages\/19","targetHints":{"allow":["GET"]}}],"collection":[{"href":"https:\/\/chateaugonflablemariage.be\/index.php\/wp-json\/wp\/v2\/pages"}],"about":[{"href":"https:\/\/chateaugonflablemariage.be\/index.php\/wp-json\/wp\/v2\/types\/page"}],"author":[{"embeddable":true,"href":"https:\/\/chateaugonflablemariage.be\/index.php\/wp-json\/wp\/v2\/users\/1"}],"replies":[{"embeddable":true,"href":"https:\/\/chateaugonflablemariage.be\/index.php\/wp-json\/wp\/v2\/comments?post=19"}],"version-history":[{"count":29,"href":"https:\/\/chateaugonflablemariage.be\/index.php\/wp-json\/wp\/v2\/pages\/19\/revisions"}],"predecessor-version":[{"id":282,"href":"https:\/\/chateaugonflablemariage.be\/index.php\/wp-json\/wp\/v2\/pages\/19\/revisions\/282"}],"wp:attachment":[{"href":"https:\/\/chateaugonflablemariage.be\/index.php\/wp-json\/wp\/v2\/media?parent=19"}],"curies":[{"name":"wp","href":"https:\/\/api.w.org\/{rel}","templated":true}]}}