{"id":16,"date":"2018-05-23T16:35:36","date_gmt":"2018-05-23T14:35:36","guid":{"rendered":"http:\/\/chateaugonflablemariage.be\/?page_id=16"},"modified":"2023-07-03T21:07:24","modified_gmt":"2023-07-03T19:07:24","slug":"contactez-nous","status":"publish","type":"page","link":"https:\/\/chateaugonflablemariage.be\/index.php\/contactez-nous\/","title":{"rendered":"Contactez-nous"},"content":{"rendered":"\n<!--[fluid]--><!--{content}--><!--[html]--><style>\n.additional-class-1995753842{border-radius:5px;}<\/style><style><\/style><div class=\"bd-tagstyles  additional-class-1995753842 bd-page-width \"><div class=\"bd-container-inner bd-content-element\"><!--{content}-->Vous d\u00e9sirez plus d'infos concernant nos ch\u00e2teaux ou nos d\u00e9corations lumineuses ?\n\nVous voulez savoir s'il sera <strong>disponible pour le jour J<\/strong> ?<br>\n\n<br>Vous pouvez nous contacter soit par t\u00e9l\u00e9phone au 04 277 92 95, par mail \u00e0 l'adresse <strong>info@chateaugonflablemariage.be<\/strong>\n\nNous serons ravis de r\u00e9pondre \u00e0 vos demandes!\n\n<br>\n\n<br> Neva invest SRL,\n\nRue Grevesse 35,\n\n4470 Saint-Georges sur Meuse - Belgique.\n\nTel : 0476 54 22 43\n<br>\n\n<img loading=\"lazy\" decoding=\"async\" class=\"size-medium wp-image-168 alignright\" src=\"https:\/\/chateaugonflablemariage.be\/wp-content\/uploads\/2018\/06\/billionphotos-1088316-300x258.png\" alt=\"\" width=\"300\" height=\"258\" srcset=\"https:\/\/chateaugonflablemariage.be\/wp-content\/uploads\/2018\/06\/billionphotos-1088316-300x258.png 300w, https:\/\/chateaugonflablemariage.be\/wp-content\/uploads\/2018\/06\/billionphotos-1088316-768x660.png 768w, https:\/\/chateaugonflablemariage.be\/wp-content\/uploads\/2018\/06\/billionphotos-1088316-1024x881.png 1024w\" sizes=\"auto, (max-width: 300px) 100vw, 300px\" \/><!--{\/content}--><\/div><\/div><!--[\/html]--><!--{\/content}--><!--[\/fluid]-->\n","protected":false},"excerpt":{"rendered":"","protected":false},"author":1,"featured_media":0,"parent":0,"menu_order":0,"comment_status":"closed","ping_status":"closed","template":"","meta":{"footnotes":""},"class_list":["post-16","page","type-page","status-publish","hentry"],"_links":{"self":[{"href":"https:\/\/chateaugonflablemariage.be\/index.php\/wp-json\/wp\/v2\/pages\/16","targetHints":{"allow":["GET"]}}],"collection":[{"href":"https:\/\/chateaugonflablemariage.be\/index.php\/wp-json\/wp\/v2\/pages"}],"about":[{"href":"https:\/\/chateaugonflablemariage.be\/index.php\/wp-json\/wp\/v2\/types\/page"}],"author":[{"embeddable":true,"href":"https:\/\/chateaugonflablemariage.be\/index.php\/wp-json\/wp\/v2\/users\/1"}],"replies":[{"embeddable":true,"href":"https:\/\/chateaugonflablemariage.be\/index.php\/wp-json\/wp\/v2\/comments?post=16"}],"version-history":[{"count":62,"href":"https:\/\/chateaugonflablemariage.be\/index.php\/wp-json\/wp\/v2\/pages\/16\/revisions"}],"predecessor-version":[{"id":300,"href":"https:\/\/chateaugonflablemariage.be\/index.php\/wp-json\/wp\/v2\/pages\/16\/revisions\/300"}],"wp:attachment":[{"href":"https:\/\/chateaugonflablemariage.be\/index.php\/wp-json\/wp\/v2\/media?parent=16"}],"curies":[{"name":"wp","href":"https:\/\/api.w.org\/{rel}","templated":true}]}}